{"id":1988,"date":"2019-01-04T20:21:18","date_gmt":"2019-01-04T18:21:18","guid":{"rendered":"http:\/\/www.chemins-khatovar.com\/site\/?page_id=1988"},"modified":"2019-01-18T21:47:38","modified_gmt":"2019-01-18T19:47:38","slug":"cartes","status":"publish","type":"page","link":"http:\/\/www.chemins-khatovar.com\/site\/cartes\/","title":{"rendered":"Cartes G\u00e9ographiques des Mondes de la Fantasy"},"content":{"rendered":"\n<p>Toutes les cartes des \u0153uvres de Fantasy &lt;3<br>Si vous les voulez en taille originale, cliquez dessus \ud83d\ude42<br>Pour discuter des mondes venez sur le forum -&gt; <a href=\"http:\/\/www.chemins-khatovar.com\/forum\/\">http:\/\/www.chemins-khatovar.com\/forum\/<\/a><br>Si vous \u00eates l&rsquo;auteur d&rsquo;une de ces cartes et que vous souhaitez un lien en retour ou la suppression de l&rsquo;image, contactez nous, ou passez par les commentaires<\/p>\n\n\n\n<figure class=\"wp-block-image\"><a href=\"http:\/\/www.chemins-khatovar.com\/site\/wp-content\/uploads\/2019\/01\/Carte-Compagnie-Noire-1-1.jpg\"><img loading=\"lazy\" decoding=\"async\" width=\"1024\" height=\"768\" src=\"http:\/\/www.chemins-khatovar.com\/site\/wp-content\/uploads\/2019\/01\/Carte-Compagnie-Noire-1-1.jpg\" alt=\"\" class=\"wp-image-1992\" srcset=\"http:\/\/www.chemins-khatovar.com\/site\/wp-content\/uploads\/2019\/01\/Carte-Compagnie-Noire-1-1.jpg 1024w, http:\/\/www.chemins-khatovar.com\/site\/wp-content\/uploads\/2019\/01\/Carte-Compagnie-Noire-1-1-300x225.jpg 300w, http:\/\/www.chemins-khatovar.com\/site\/wp-content\/uploads\/2019\/01\/Carte-Compagnie-Noire-1-1-768x576.jpg 768w\" sizes=\"(max-width: 1024px) 100vw, 1024px\" \/><\/a><figcaption>La compagnie Noire de Cook &#8211; le Nord<\/figcaption><\/figure>\n\n\n\n<figure class=\"wp-block-image\"><a href=\"http:\/\/www.chemins-khatovar.com\/site\/wp-content\/uploads\/2019\/01\/Carte-Compagnie-Noire-2.png\"><img loading=\"lazy\" decoding=\"async\" width=\"1374\" height=\"1914\" src=\"http:\/\/www.chemins-khatovar.com\/site\/wp-content\/uploads\/2019\/01\/Carte-Compagnie-Noire-2.png\" alt=\"\" class=\"wp-image-1993\" srcset=\"http:\/\/www.chemins-khatovar.com\/site\/wp-content\/uploads\/2019\/01\/Carte-Compagnie-Noire-2.png 1374w, http:\/\/www.chemins-khatovar.com\/site\/wp-content\/uploads\/2019\/01\/Carte-Compagnie-Noire-2-215x300.png 215w, http:\/\/www.chemins-khatovar.com\/site\/wp-content\/uploads\/2019\/01\/Carte-Compagnie-Noire-2-768x1070.png 768w, http:\/\/www.chemins-khatovar.com\/site\/wp-content\/uploads\/2019\/01\/Carte-Compagnie-Noire-2-735x1024.png 735w\" sizes=\"(max-width: 1374px) 100vw, 1374px\" \/><\/a><figcaption> La Compagnie Noire de Cook &#8211; Le Nord + Le Sud <\/figcaption><\/figure>\n\n\n\n<figure class=\"wp-block-image\"><a href=\"http:\/\/www.chemins-khatovar.com\/site\/wp-content\/uploads\/2019\/01\/Carte-du-trone-de-fer-1.jpg\"><img loading=\"lazy\" decoding=\"async\" width=\"1439\" height=\"1000\" src=\"http:\/\/www.chemins-khatovar.com\/site\/wp-content\/uploads\/2019\/01\/Carte-du-trone-de-fer-1.jpg\" alt=\"\" class=\"wp-image-1995\" srcset=\"http:\/\/www.chemins-khatovar.com\/site\/wp-content\/uploads\/2019\/01\/Carte-du-trone-de-fer-1.jpg 1439w, http:\/\/www.chemins-khatovar.com\/site\/wp-content\/uploads\/2019\/01\/Carte-du-trone-de-fer-1-300x208.jpg 300w, http:\/\/www.chemins-khatovar.com\/site\/wp-content\/uploads\/2019\/01\/Carte-du-trone-de-fer-1-768x534.jpg 768w, http:\/\/www.chemins-khatovar.com\/site\/wp-content\/uploads\/2019\/01\/Carte-du-trone-de-fer-1-1024x712.jpg 1024w\" sizes=\"(max-width: 1439px) 100vw, 1439px\" \/><\/a><figcaption>Le Tr\u00f4ne de Fer &#8211; La Carte de Westeros donn\u00e9e dans les livres de Martin<\/figcaption><\/figure>\n\n\n\n<figure class=\"wp-block-image\"><a href=\"http:\/\/www.chemins-khatovar.com\/site\/wp-content\/uploads\/2019\/01\/Carte-Assassin-Royal-1.gif\"><img loading=\"lazy\" decoding=\"async\" width=\"1024\" height=\"753\" src=\"http:\/\/www.chemins-khatovar.com\/site\/wp-content\/uploads\/2019\/01\/Carte-Assassin-Royal-1-1024x753.gif\" alt=\"\" class=\"wp-image-2006\" srcset=\"http:\/\/www.chemins-khatovar.com\/site\/wp-content\/uploads\/2019\/01\/Carte-Assassin-Royal-1-1024x753.gif 1024w, http:\/\/www.chemins-khatovar.com\/site\/wp-content\/uploads\/2019\/01\/Carte-Assassin-Royal-1-300x221.gif 300w, http:\/\/www.chemins-khatovar.com\/site\/wp-content\/uploads\/2019\/01\/Carte-Assassin-Royal-1-768x565.gif 768w\" sizes=\"(max-width: 1024px) 100vw, 1024px\" \/><\/a><figcaption>la carte des 6 duch\u00e9s de l&rsquo;assassin royal de Hobb<br><\/figcaption><\/figure>\n\n\n\n<figure class=\"wp-block-image\"><a href=\"http:\/\/www.chemins-khatovar.com\/site\/wp-content\/uploads\/2019\/01\/carte-assassin-royal-et-aventuriers-de-la-mer.jpg\"><img loading=\"lazy\" decoding=\"async\" width=\"998\" height=\"1024\" src=\"http:\/\/www.chemins-khatovar.com\/site\/wp-content\/uploads\/2019\/01\/carte-assassin-royal-et-aventuriers-de-la-mer-998x1024.jpg\" alt=\"\" class=\"wp-image-2029\" srcset=\"http:\/\/www.chemins-khatovar.com\/site\/wp-content\/uploads\/2019\/01\/carte-assassin-royal-et-aventuriers-de-la-mer-998x1024.jpg 998w, http:\/\/www.chemins-khatovar.com\/site\/wp-content\/uploads\/2019\/01\/carte-assassin-royal-et-aventuriers-de-la-mer-292x300.jpg 292w, http:\/\/www.chemins-khatovar.com\/site\/wp-content\/uploads\/2019\/01\/carte-assassin-royal-et-aventuriers-de-la-mer-768x788.jpg 768w\" sizes=\"(max-width: 998px) 100vw, 998px\" \/><\/a><figcaption>La carte compl\u00e8te des 6 duch\u00e9s + les aventuriers de la mer de Hobb<\/figcaption><\/figure>\n\n\n\n<figure class=\"wp-block-image\"><a href=\"http:\/\/www.chemins-khatovar.com\/site\/wp-content\/uploads\/2019\/01\/Carte-Elric.jpg\"><img loading=\"lazy\" decoding=\"async\" width=\"1024\" height=\"726\" src=\"http:\/\/www.chemins-khatovar.com\/site\/wp-content\/uploads\/2019\/01\/Carte-Elric-1024x726.jpg\" alt=\"\" class=\"wp-image-2000\" srcset=\"http:\/\/www.chemins-khatovar.com\/site\/wp-content\/uploads\/2019\/01\/Carte-Elric-1024x726.jpg 1024w, http:\/\/www.chemins-khatovar.com\/site\/wp-content\/uploads\/2019\/01\/Carte-Elric-300x213.jpg 300w, http:\/\/www.chemins-khatovar.com\/site\/wp-content\/uploads\/2019\/01\/Carte-Elric-768x545.jpg 768w\" sizes=\"(max-width: 1024px) 100vw, 1024px\" \/><\/a><figcaption>Le Monde du Cycle d&rsquo;Elric de Moorcock<\/figcaption><\/figure>\n\n\n\n<figure class=\"wp-block-image\"><a href=\"http:\/\/www.chemins-khatovar.com\/site\/wp-content\/uploads\/2019\/01\/Carte-Drenai.jpg\"><img loading=\"lazy\" decoding=\"async\" width=\"687\" height=\"1024\" src=\"http:\/\/www.chemins-khatovar.com\/site\/wp-content\/uploads\/2019\/01\/Carte-Drenai-687x1024.jpg\" alt=\"\" class=\"wp-image-2007\" srcset=\"http:\/\/www.chemins-khatovar.com\/site\/wp-content\/uploads\/2019\/01\/Carte-Drenai-687x1024.jpg 687w, http:\/\/www.chemins-khatovar.com\/site\/wp-content\/uploads\/2019\/01\/Carte-Drenai-201x300.jpg 201w, http:\/\/www.chemins-khatovar.com\/site\/wp-content\/uploads\/2019\/01\/Carte-Drenai-768x1145.jpg 768w, http:\/\/www.chemins-khatovar.com\/site\/wp-content\/uploads\/2019\/01\/Carte-Drenai.jpg 1572w\" sizes=\"(max-width: 687px) 100vw, 687px\" \/><\/a><figcaption>Carte du Monde du cycle de Drenai de Gemmell<\/figcaption><\/figure>\n\n\n\n<figure class=\"wp-block-image\"><a href=\"http:\/\/www.chemins-khatovar.com\/site\/wp-content\/uploads\/2019\/01\/Carte-Belgariade.jpg\"><img loading=\"lazy\" decoding=\"async\" width=\"1024\" height=\"757\" src=\"http:\/\/www.chemins-khatovar.com\/site\/wp-content\/uploads\/2019\/01\/Carte-Belgariade-1024x757.jpg\" alt=\"\" class=\"wp-image-2009\" srcset=\"http:\/\/www.chemins-khatovar.com\/site\/wp-content\/uploads\/2019\/01\/Carte-Belgariade-1024x757.jpg 1024w, http:\/\/www.chemins-khatovar.com\/site\/wp-content\/uploads\/2019\/01\/Carte-Belgariade-300x222.jpg 300w, http:\/\/www.chemins-khatovar.com\/site\/wp-content\/uploads\/2019\/01\/Carte-Belgariade-768x568.jpg 768w, http:\/\/www.chemins-khatovar.com\/site\/wp-content\/uploads\/2019\/01\/Carte-Belgariade.jpg 1600w\" sizes=\"(max-width: 1024px) 100vw, 1024px\" \/><\/a><figcaption>La Carte de la Belgariade de Eddings<\/figcaption><\/figure>\n\n\n\n<figure class=\"wp-block-image\"><a href=\"http:\/\/www.chemins-khatovar.com\/site\/wp-content\/uploads\/2019\/01\/Carte-Krondor.jpg\"><img loading=\"lazy\" decoding=\"async\" width=\"1024\" height=\"788\" src=\"http:\/\/www.chemins-khatovar.com\/site\/wp-content\/uploads\/2019\/01\/Carte-Krondor-1024x788.jpg\" alt=\"\" class=\"wp-image-2010\" srcset=\"http:\/\/www.chemins-khatovar.com\/site\/wp-content\/uploads\/2019\/01\/Carte-Krondor-1024x788.jpg 1024w, http:\/\/www.chemins-khatovar.com\/site\/wp-content\/uploads\/2019\/01\/Carte-Krondor-300x231.jpg 300w, http:\/\/www.chemins-khatovar.com\/site\/wp-content\/uploads\/2019\/01\/Carte-Krondor-768x591.jpg 768w, http:\/\/www.chemins-khatovar.com\/site\/wp-content\/uploads\/2019\/01\/Carte-Krondor.jpg 1605w\" sizes=\"(max-width: 1024px) 100vw, 1024px\" \/><\/a><figcaption>La Carte des chroniques de Krondor de Feist<\/figcaption><\/figure>\n\n\n\n<figure class=\"wp-block-image\"><a href=\"http:\/\/www.chemins-khatovar.com\/site\/wp-content\/uploads\/2019\/01\/Carte-la-roue-du-temps.jpg\"><img loading=\"lazy\" decoding=\"async\" width=\"1024\" height=\"746\" src=\"http:\/\/www.chemins-khatovar.com\/site\/wp-content\/uploads\/2019\/01\/Carte-la-roue-du-temps-1024x746.jpg\" alt=\"\" class=\"wp-image-2017\" srcset=\"http:\/\/www.chemins-khatovar.com\/site\/wp-content\/uploads\/2019\/01\/Carte-la-roue-du-temps-1024x746.jpg 1024w, http:\/\/www.chemins-khatovar.com\/site\/wp-content\/uploads\/2019\/01\/Carte-la-roue-du-temps-300x218.jpg 300w, http:\/\/www.chemins-khatovar.com\/site\/wp-content\/uploads\/2019\/01\/Carte-la-roue-du-temps-768x559.jpg 768w\" sizes=\"(max-width: 1024px) 100vw, 1024px\" \/><\/a><figcaption>la Carte de la Roue du Temps de Jordan<\/figcaption><\/figure>\n\n\n\n<figure class=\"wp-block-image\"><a href=\"http:\/\/www.chemins-khatovar.com\/site\/wp-content\/uploads\/2019\/01\/Carte-Warhammer.jpg\"><img loading=\"lazy\" decoding=\"async\" width=\"1024\" height=\"733\" src=\"http:\/\/www.chemins-khatovar.com\/site\/wp-content\/uploads\/2019\/01\/Carte-Warhammer-1024x733.jpg\" alt=\"\" class=\"wp-image-2019\" srcset=\"http:\/\/www.chemins-khatovar.com\/site\/wp-content\/uploads\/2019\/01\/Carte-Warhammer-1024x733.jpg 1024w, http:\/\/www.chemins-khatovar.com\/site\/wp-content\/uploads\/2019\/01\/Carte-Warhammer-300x215.jpg 300w, http:\/\/www.chemins-khatovar.com\/site\/wp-content\/uploads\/2019\/01\/Carte-Warhammer-768x550.jpg 768w\" sizes=\"(max-width: 1024px) 100vw, 1024px\" \/><\/a><figcaption>le Vieux monde de Warhammer<\/figcaption><\/figure>\n\n\n\n<figure class=\"wp-block-image\"><a href=\"http:\/\/www.chemins-khatovar.com\/site\/wp-content\/uploads\/2019\/01\/Carte-Sorceleur.png\"><img loading=\"lazy\" decoding=\"async\" width=\"706\" height=\"1024\" src=\"http:\/\/www.chemins-khatovar.com\/site\/wp-content\/uploads\/2019\/01\/Carte-Sorceleur-706x1024.png\" alt=\"\" class=\"wp-image-2021\" srcset=\"http:\/\/www.chemins-khatovar.com\/site\/wp-content\/uploads\/2019\/01\/Carte-Sorceleur-706x1024.png 706w, http:\/\/www.chemins-khatovar.com\/site\/wp-content\/uploads\/2019\/01\/Carte-Sorceleur-207x300.png 207w, http:\/\/www.chemins-khatovar.com\/site\/wp-content\/uploads\/2019\/01\/Carte-Sorceleur-768x1114.png 768w, http:\/\/www.chemins-khatovar.com\/site\/wp-content\/uploads\/2019\/01\/Carte-Sorceleur.png 1486w\" sizes=\"(max-width: 706px) 100vw, 706px\" \/><\/a><figcaption>Carte du monde du Sorceleur \/ Witcher de Sapowski<\/figcaption><\/figure>\n\n\n\n<figure class=\"wp-block-image\"><a href=\"http:\/\/www.chemins-khatovar.com\/site\/wp-content\/uploads\/2019\/01\/Carte-sorceleur.jpg\"><img loading=\"lazy\" decoding=\"async\" width=\"738\" height=\"1024\" src=\"http:\/\/www.chemins-khatovar.com\/site\/wp-content\/uploads\/2019\/01\/Carte-sorceleur-738x1024.jpg\" alt=\"\" class=\"wp-image-2026\" srcset=\"http:\/\/www.chemins-khatovar.com\/site\/wp-content\/uploads\/2019\/01\/Carte-sorceleur-738x1024.jpg 738w, http:\/\/www.chemins-khatovar.com\/site\/wp-content\/uploads\/2019\/01\/Carte-sorceleur-216x300.jpg 216w, http:\/\/www.chemins-khatovar.com\/site\/wp-content\/uploads\/2019\/01\/Carte-sorceleur-768x1065.jpg 768w\" sizes=\"(max-width: 738px) 100vw, 738px\" \/><\/a><figcaption>Une \u00e0 la pr\u00e9cision impressionnante de l&rsquo;univers du Witcher de Sapowski<\/figcaption><\/figure>\n\n\n\n<figure class=\"wp-block-image\"><a href=\"http:\/\/www.chemins-khatovar.com\/site\/wp-content\/uploads\/2019\/01\/carte-disque-monde.jpg\"><img loading=\"lazy\" decoding=\"async\" width=\"1007\" height=\"1024\" src=\"http:\/\/www.chemins-khatovar.com\/site\/wp-content\/uploads\/2019\/01\/carte-disque-monde-1007x1024.jpg\" alt=\"\" class=\"wp-image-2031\" srcset=\"http:\/\/www.chemins-khatovar.com\/site\/wp-content\/uploads\/2019\/01\/carte-disque-monde-1007x1024.jpg 1007w, http:\/\/www.chemins-khatovar.com\/site\/wp-content\/uploads\/2019\/01\/carte-disque-monde-295x300.jpg 295w, http:\/\/www.chemins-khatovar.com\/site\/wp-content\/uploads\/2019\/01\/carte-disque-monde-768x781.jpg 768w\" sizes=\"(max-width: 1007px) 100vw, 1007px\" \/><\/a><figcaption>Carte du Disque Monde de Terry Pratchett<\/figcaption><\/figure>\n\n\n\n<figure class=\"wp-block-image\"><a href=\"http:\/\/www.chemins-khatovar.com\/site\/wp-content\/uploads\/2019\/01\/carte-tour-sombre.jpg\"><img loading=\"lazy\" decoding=\"async\" width=\"1024\" height=\"819\" src=\"http:\/\/www.chemins-khatovar.com\/site\/wp-content\/uploads\/2019\/01\/carte-tour-sombre-1024x819.jpg\" alt=\"\" class=\"wp-image-2033\" srcset=\"http:\/\/www.chemins-khatovar.com\/site\/wp-content\/uploads\/2019\/01\/carte-tour-sombre-1024x819.jpg 1024w, http:\/\/www.chemins-khatovar.com\/site\/wp-content\/uploads\/2019\/01\/carte-tour-sombre-300x240.jpg 300w, http:\/\/www.chemins-khatovar.com\/site\/wp-content\/uploads\/2019\/01\/carte-tour-sombre-768x614.jpg 768w, http:\/\/www.chemins-khatovar.com\/site\/wp-content\/uploads\/2019\/01\/carte-tour-sombre.jpg 1855w\" sizes=\"(max-width: 1024px) 100vw, 1024px\" \/><\/a><figcaption>Carte de la Tour Sombre De Stephen Ki,ng<\/figcaption><\/figure>\n\n\n\n<figure class=\"wp-block-image\"><a href=\"http:\/\/www.chemins-khatovar.com\/site\/wp-content\/uploads\/2019\/01\/carte-cycle-de-ji.jpg\"><img loading=\"lazy\" decoding=\"async\" width=\"1024\" height=\"409\" src=\"http:\/\/www.chemins-khatovar.com\/site\/wp-content\/uploads\/2019\/01\/carte-cycle-de-ji-1024x409.jpg\" alt=\"\" class=\"wp-image-2035\" srcset=\"http:\/\/www.chemins-khatovar.com\/site\/wp-content\/uploads\/2019\/01\/carte-cycle-de-ji-1024x409.jpg 1024w, http:\/\/www.chemins-khatovar.com\/site\/wp-content\/uploads\/2019\/01\/carte-cycle-de-ji-300x120.jpg 300w, http:\/\/www.chemins-khatovar.com\/site\/wp-content\/uploads\/2019\/01\/carte-cycle-de-ji-768x307.jpg 768w\" sizes=\"(max-width: 1024px) 100vw, 1024px\" \/><\/a><figcaption>carte du cycle de Ji de Grimbert<\/figcaption><\/figure>\n\n\n\n<figure class=\"wp-block-image\"><a href=\"http:\/\/www.chemins-khatovar.com\/site\/wp-content\/uploads\/2019\/01\/carte-le-seigneur-des-anneaux.jpg\"><img loading=\"lazy\" decoding=\"async\" width=\"1024\" height=\"768\" src=\"http:\/\/www.chemins-khatovar.com\/site\/wp-content\/uploads\/2019\/01\/carte-le-seigneur-des-anneaux-1024x768.jpg\" alt=\"\" class=\"wp-image-2037\" srcset=\"http:\/\/www.chemins-khatovar.com\/site\/wp-content\/uploads\/2019\/01\/carte-le-seigneur-des-anneaux-1024x768.jpg 1024w, http:\/\/www.chemins-khatovar.com\/site\/wp-content\/uploads\/2019\/01\/carte-le-seigneur-des-anneaux-300x225.jpg 300w, http:\/\/www.chemins-khatovar.com\/site\/wp-content\/uploads\/2019\/01\/carte-le-seigneur-des-anneaux-768x576.jpg 768w\" sizes=\"(max-width: 1024px) 100vw, 1024px\" \/><\/a><figcaption>La c\u00e9l\u00e8bre carte de la terre du milieu du Seigneur des Anneaux de Tolkien<\/figcaption><\/figure>\n\n\n\n<figure class=\"wp-block-image\"><a href=\"http:\/\/www.chemins-khatovar.com\/site\/wp-content\/uploads\/2019\/01\/carte-terremer.jpg\"><img loading=\"lazy\" decoding=\"async\" width=\"1024\" height=\"768\" src=\"http:\/\/www.chemins-khatovar.com\/site\/wp-content\/uploads\/2019\/01\/carte-terremer-1024x768.jpg\" alt=\"\" class=\"wp-image-2039\" srcset=\"http:\/\/www.chemins-khatovar.com\/site\/wp-content\/uploads\/2019\/01\/carte-terremer-1024x768.jpg 1024w, http:\/\/www.chemins-khatovar.com\/site\/wp-content\/uploads\/2019\/01\/carte-terremer-300x225.jpg 300w, http:\/\/www.chemins-khatovar.com\/site\/wp-content\/uploads\/2019\/01\/carte-terremer-768x576.jpg 768w, http:\/\/www.chemins-khatovar.com\/site\/wp-content\/uploads\/2019\/01\/carte-terremer.jpg 1920w\" sizes=\"(max-width: 1024px) 100vw, 1024px\" \/><\/a><figcaption>La carte de Terremer d&rsquo;Ursula K. Le Guin <\/figcaption><\/figure>\n\n\n\n<figure class=\"wp-block-image\"><a href=\"http:\/\/www.chemins-khatovar.com\/site\/wp-content\/uploads\/2019\/01\/Carte-premiere-loi.jpg\"><img loading=\"lazy\" decoding=\"async\" width=\"903\" height=\"580\" src=\"http:\/\/www.chemins-khatovar.com\/site\/wp-content\/uploads\/2019\/01\/Carte-premiere-loi.jpg\" alt=\"\" class=\"wp-image-2055\" srcset=\"http:\/\/www.chemins-khatovar.com\/site\/wp-content\/uploads\/2019\/01\/Carte-premiere-loi.jpg 903w, http:\/\/www.chemins-khatovar.com\/site\/wp-content\/uploads\/2019\/01\/Carte-premiere-loi-300x193.jpg 300w, http:\/\/www.chemins-khatovar.com\/site\/wp-content\/uploads\/2019\/01\/Carte-premiere-loi-768x493.jpg 768w\" sizes=\"(max-width: 903px) 100vw, 903px\" \/><\/a><figcaption>Carte la premi\u00e8re loi de Joe Abercrombie<\/figcaption><\/figure>\n\n\n\n<figure class=\"wp-block-image\"><a href=\"http:\/\/www.chemins-khatovar.com\/site\/wp-content\/uploads\/2019\/01\/Carte-archives-de-Roshar.jpg\"><img loading=\"lazy\" decoding=\"async\" width=\"1024\" height=\"640\" src=\"http:\/\/www.chemins-khatovar.com\/site\/wp-content\/uploads\/2019\/01\/Carte-archives-de-Roshar-1024x640.jpg\" alt=\"\" class=\"wp-image-2057\" srcset=\"http:\/\/www.chemins-khatovar.com\/site\/wp-content\/uploads\/2019\/01\/Carte-archives-de-Roshar-1024x640.jpg 1024w, http:\/\/www.chemins-khatovar.com\/site\/wp-content\/uploads\/2019\/01\/Carte-archives-de-Roshar-300x188.jpg 300w, http:\/\/www.chemins-khatovar.com\/site\/wp-content\/uploads\/2019\/01\/Carte-archives-de-Roshar-768x480.jpg 768w\" sizes=\"(max-width: 1024px) 100vw, 1024px\" \/><\/a><figcaption>Carte des Archives de Roshar de Brandon Sanderson<\/figcaption><\/figure>\n\n\n\n<figure class=\"wp-block-image\"><a href=\"http:\/\/www.chemins-khatovar.com\/site\/wp-content\/uploads\/2019\/01\/Carte-Tamriel.jpg\"><img loading=\"lazy\" decoding=\"async\" width=\"1024\" height=\"740\" src=\"http:\/\/www.chemins-khatovar.com\/site\/wp-content\/uploads\/2019\/01\/Carte-Tamriel-1024x740.jpg\" alt=\"\" class=\"wp-image-2064\" srcset=\"http:\/\/www.chemins-khatovar.com\/site\/wp-content\/uploads\/2019\/01\/Carte-Tamriel-1024x740.jpg 1024w, http:\/\/www.chemins-khatovar.com\/site\/wp-content\/uploads\/2019\/01\/Carte-Tamriel-300x217.jpg 300w, http:\/\/www.chemins-khatovar.com\/site\/wp-content\/uploads\/2019\/01\/Carte-Tamriel-768x555.jpg 768w, http:\/\/www.chemins-khatovar.com\/site\/wp-content\/uploads\/2019\/01\/Carte-Tamriel.jpg 1771w\" sizes=\"(max-width: 1024px) 100vw, 1024px\" \/><\/a><figcaption>Carte de Tamriel le continent principal des Elders Scrolls<\/figcaption><\/figure>\n\n\n\n<figure class=\"wp-block-image\"><a href=\"http:\/\/www.chemins-khatovar.com\/site\/wp-content\/uploads\/2019\/01\/Carte-des-royaumes-oubli\u00e9s.jpg\"><img loading=\"lazy\" decoding=\"async\" width=\"1024\" height=\"775\" src=\"http:\/\/www.chemins-khatovar.com\/site\/wp-content\/uploads\/2019\/01\/Carte-des-royaumes-oubli\u00e9s-1024x775.jpg\" alt=\"\" class=\"wp-image-2065\" srcset=\"http:\/\/www.chemins-khatovar.com\/site\/wp-content\/uploads\/2019\/01\/Carte-des-royaumes-oubli\u00e9s-1024x775.jpg 1024w, http:\/\/www.chemins-khatovar.com\/site\/wp-content\/uploads\/2019\/01\/Carte-des-royaumes-oubli\u00e9s-300x227.jpg 300w, http:\/\/www.chemins-khatovar.com\/site\/wp-content\/uploads\/2019\/01\/Carte-des-royaumes-oubli\u00e9s-768x581.jpg 768w, http:\/\/www.chemins-khatovar.com\/site\/wp-content\/uploads\/2019\/01\/Carte-des-royaumes-oubli\u00e9s.jpg 1600w\" sizes=\"(max-width: 1024px) 100vw, 1024px\" \/><\/a><figcaption>Carte des Royaumes Oubli\u00e9s, principale campagne de Donjons et Dragons<\/figcaption><\/figure>\n\n\n\n<figure class=\"wp-block-image\"><a href=\"http:\/\/www.chemins-khatovar.com\/site\/wp-content\/uploads\/2019\/01\/Carte-l\u00e9p\u00e9e-de-v\u00e9rit\u00e9.jpg\"><img loading=\"lazy\" decoding=\"async\" width=\"1024\" height=\"622\" src=\"http:\/\/www.chemins-khatovar.com\/site\/wp-content\/uploads\/2019\/01\/Carte-l\u00e9p\u00e9e-de-v\u00e9rit\u00e9-1024x622.jpg\" alt=\"\" class=\"wp-image-2067\" srcset=\"http:\/\/www.chemins-khatovar.com\/site\/wp-content\/uploads\/2019\/01\/Carte-l\u00e9p\u00e9e-de-v\u00e9rit\u00e9-1024x622.jpg 1024w, http:\/\/www.chemins-khatovar.com\/site\/wp-content\/uploads\/2019\/01\/Carte-l\u00e9p\u00e9e-de-v\u00e9rit\u00e9-300x182.jpg 300w, http:\/\/www.chemins-khatovar.com\/site\/wp-content\/uploads\/2019\/01\/Carte-l\u00e9p\u00e9e-de-v\u00e9rit\u00e9-768x467.jpg 768w, http:\/\/www.chemins-khatovar.com\/site\/wp-content\/uploads\/2019\/01\/Carte-l\u00e9p\u00e9e-de-v\u00e9rit\u00e9.jpg 1363w\" sizes=\"(max-width: 1024px) 100vw, 1024px\" \/><\/a><figcaption>Carte de l\u2019\u00c9p\u00e9e de V\u00e9rit\u00e9 de Terry Goodkind<\/figcaption><\/figure>\n\n\n\n<figure class=\"wp-block-image\"><a href=\"http:\/\/www.chemins-khatovar.com\/site\/wp-content\/uploads\/2019\/01\/carte-des-tyrans-et-des-rois.jpg\"><img loading=\"lazy\" decoding=\"async\" width=\"657\" height=\"400\" src=\"http:\/\/www.chemins-khatovar.com\/site\/wp-content\/uploads\/2019\/01\/carte-des-tyrans-et-des-rois.jpg\" alt=\"\" class=\"wp-image-2070\" srcset=\"http:\/\/www.chemins-khatovar.com\/site\/wp-content\/uploads\/2019\/01\/carte-des-tyrans-et-des-rois.jpg 657w, http:\/\/www.chemins-khatovar.com\/site\/wp-content\/uploads\/2019\/01\/carte-des-tyrans-et-des-rois-300x183.jpg 300w\" sizes=\"(max-width: 657px) 100vw, 657px\" \/><\/a><figcaption>Des tyrans et des rois de John Marco<\/figcaption><\/figure>\n\n\n\n<figure class=\"wp-block-image\"><a href=\"http:\/\/www.chemins-khatovar.com\/site\/wp-content\/uploads\/2019\/01\/Carte-couronne-des-7-royaumes.jpg\"><img loading=\"lazy\" decoding=\"async\" width=\"1024\" height=\"788\" src=\"http:\/\/www.chemins-khatovar.com\/site\/wp-content\/uploads\/2019\/01\/Carte-couronne-des-7-royaumes-1024x788.jpg\" alt=\"\" class=\"wp-image-2072\" srcset=\"http:\/\/www.chemins-khatovar.com\/site\/wp-content\/uploads\/2019\/01\/Carte-couronne-des-7-royaumes-1024x788.jpg 1024w, http:\/\/www.chemins-khatovar.com\/site\/wp-content\/uploads\/2019\/01\/Carte-couronne-des-7-royaumes-300x231.jpg 300w, http:\/\/www.chemins-khatovar.com\/site\/wp-content\/uploads\/2019\/01\/Carte-couronne-des-7-royaumes-768x591.jpg 768w, http:\/\/www.chemins-khatovar.com\/site\/wp-content\/uploads\/2019\/01\/Carte-couronne-des-7-royaumes.jpg 1500w\" sizes=\"(max-width: 1024px) 100vw, 1024px\" \/><\/a><figcaption>Carte du cycle \u00ab\u00a0La couronne des 7 royaumes\u00a0\u00bb de David B.Coe<\/figcaption><\/figure>\n\n\n\n<div class=\"wp-block-image\"><figure class=\"aligncenter\"><a href=\"http:\/\/www.chemins-khatovar.com\/site\/wp-content\/uploads\/2019\/01\/carte-les-3-lunes-de-tanjor.jpg\"><img loading=\"lazy\" decoding=\"async\" width=\"400\" height=\"567\" src=\"http:\/\/www.chemins-khatovar.com\/site\/wp-content\/uploads\/2019\/01\/carte-les-3-lunes-de-tanjor.jpg\" alt=\"\" class=\"wp-image-2074\" srcset=\"http:\/\/www.chemins-khatovar.com\/site\/wp-content\/uploads\/2019\/01\/carte-les-3-lunes-de-tanjor.jpg 400w, http:\/\/www.chemins-khatovar.com\/site\/wp-content\/uploads\/2019\/01\/carte-les-3-lunes-de-tanjor-212x300.jpg 212w\" sizes=\"(max-width: 400px) 100vw, 400px\" \/><\/a><figcaption>Carte du cycle \u00ab\u00a0Les 3 lunes de Tanjor\u00a0\u00bb d&rsquo;Ange<\/figcaption><\/figure><\/div>\n<!-- AddThis Advanced Settings generic via filter on the_content --><!-- AddThis Share Buttons generic via filter on the_content -->","protected":false},"excerpt":{"rendered":"<p>Toutes les cartes des \u0153uvres de Fantasy &lt;3Si vous les voulez en taille originale, cliquez dessus \ud83d\ude42Pour discuter des mondes venez sur le forum -&gt; http:\/\/www.chemins-khatovar.com\/forum\/Si vous \u00eates l&rsquo;auteur d&rsquo;une de ces cartes et que vous souhaitez un lien en retour ou la suppression de l&rsquo;image, contactez nous, ou passez par les commentaires<!-- AddThis Advanced Settings generic via filter on get_the_excerpt --><!-- AddThis Share Buttons generic via filter on get_the_excerpt --><\/p>\n","protected":false},"author":1,"featured_media":0,"parent":0,"menu_order":0,"comment_status":"open","ping_status":"closed","template":"","meta":{"footnotes":""},"_links":{"self":[{"href":"http:\/\/www.chemins-khatovar.com\/site\/wp-json\/wp\/v2\/pages\/1988"}],"collection":[{"href":"http:\/\/www.chemins-khatovar.com\/site\/wp-json\/wp\/v2\/pages"}],"about":[{"href":"http:\/\/www.chemins-khatovar.com\/site\/wp-json\/wp\/v2\/types\/page"}],"author":[{"embeddable":true,"href":"http:\/\/www.chemins-khatovar.com\/site\/wp-json\/wp\/v2\/users\/1"}],"replies":[{"embeddable":true,"href":"http:\/\/www.chemins-khatovar.com\/site\/wp-json\/wp\/v2\/comments?post=1988"}],"version-history":[{"count":35,"href":"http:\/\/www.chemins-khatovar.com\/site\/wp-json\/wp\/v2\/pages\/1988\/revisions"}],"predecessor-version":[{"id":2078,"href":"http:\/\/www.chemins-khatovar.com\/site\/wp-json\/wp\/v2\/pages\/1988\/revisions\/2078"}],"wp:attachment":[{"href":"http:\/\/www.chemins-khatovar.com\/site\/wp-json\/wp\/v2\/media?parent=1988"}],"curies":[{"name":"wp","href":"https:\/\/api.w.org\/{rel}","templated":true}]}}